{"id":52,"date":"2023-05-16T10:00:38","date_gmt":"2023-05-16T10:00:38","guid":{"rendered":"https:\/\/peking-ente.com\/?page_id=52"},"modified":"2026-04-23T09:28:02","modified_gmt":"2026-04-23T07:28:02","slug":"versandkosten-zahlungsinformationen","status":"publish","type":"page","link":"https:\/\/peking-ente-new.gastrologin.com\/?page_id=52","title":{"rendered":"Versandkosten &amp; Zahlungsinformationen"},"content":{"rendered":"<!-- wp:themify-builder\/canvas \/-->","protected":false},"excerpt":{"rendered":"","protected":false},"author":1,"featured_media":0,"parent":0,"menu_order":0,"comment_status":"closed","ping_status":"closed","template":"","meta":{"footnotes":""},"class_list":["post-52","page","type-page","status-publish","hentry","has-post-title","has-post-date","has-post-category","has-post-tag","has-post-comment","has-post-author",""],"builder_content":"<h1>Versandkosten &amp; Zahlungsinformationen<\/h1><ol><li><strong>Versandkosten<\/strong><\/li><\/ol><p>Die Versandkosten f\u00fcr Bestellungen innerhalb Deutschlands betragen 18,00\u20ac. F\u00fcr Lieferungen zu Inseln wird ein Zuschlag von 13,00\u20ac erhoben. Die genauen Versandkosten werden Ihnen w\u00e4hrend des Bestellvorgangs angezeigt, bevor Sie Ihre Bestellung abschlie\u00dfen.<\/p><ol start=\"2\"><li><strong>Lieferzeiten<\/strong><\/li><\/ol><p>Wir versenden Ihre Bestellung per Expressversand. Die Bestellungen werden gesammelt und jeden Donnerstag an unseren Versandpartner \u00fcbergeben. Die Auslieferung erfolgt in der Regel bis Freitag, 18:00 Uhr. Bitte beachten Sie, dass wir keine Kontrolle \u00fcber die genauen Lieferzeiten haben. Es kann zu Verz\u00f6gerungen kommen, insbesondere durch h\u00f6here Gewalt oder unvorhergesehene Umst\u00e4nde.<\/p><ol start=\"3\"><li><strong>Lieferbedingungen<\/strong><\/li><\/ol><p>Bitte beachten Sie die genauen Lieferbedingungen, die Sie in unseren Bef\u00f6rderungsbedingungen finden. Klicken Sie hier, um die Bef\u00f6rderungsbedingungen von DPD Food einzusehen: <a href=\"https:\/\/chinayung.de\/wp-content\/uploads\/2023\/05\/Befoerderungsbedingungen_DPD-Food.pdf\" target=\"_new\">Link zu den Bef\u00f6rderungsbedingungen<\/a><\/p><ol start=\"4\"><li><strong>Zahlungsmethoden<\/strong><\/li><\/ol><p>Wir bieten Ihnen die folgenden Zahlungsmethoden an:<\/p><ul><li><p>PayPal: Bezahlen Sie sicher und bequem mit Ihrem PayPal-Konto. W\u00e4hrend des Bestellvorgangs werden Sie zu PayPal weitergeleitet, um die Zahlung abzuschlie\u00dfen.<\/p><\/li><li><p>Stripe: Bezahlen Sie mit Ihrer Kreditkarte \u00fcber unseren sicheren Zahlungsanbieter Stripe. Geben Sie einfach Ihre Kreditkartendaten w\u00e4hrend des Bestellvorgangs ein.<\/p><\/li><\/ul><p>Bitte beachten Sie, dass wir Ihre Bestellung erst nach Zahlungseingang bearbeiten.<\/p><ol start=\"5\"><li><strong>Rechnung und Bestellbest\u00e4tigung<\/strong><\/li><\/ol><p>Nach Abschluss Ihrer Bestellung erhalten Sie eine Bestellbest\u00e4tigung per E-Mail. Die Rechnung wird Ihrer Bestellung beigelegt oder separat per E-Mail verschickt.<\/p>","_links":{"self":[{"href":"https:\/\/peking-ente-new.gastrologin.com\/index.php?rest_route=\/wp\/v2\/pages\/52","targetHints":{"allow":["GET"]}}],"collection":[{"href":"https:\/\/peking-ente-new.gastrologin.com\/index.php?rest_route=\/wp\/v2\/pages"}],"about":[{"href":"https:\/\/peking-ente-new.gastrologin.com\/index.php?rest_route=\/wp\/v2\/types\/page"}],"author":[{"embeddable":true,"href":"https:\/\/peking-ente-new.gastrologin.com\/index.php?rest_route=\/wp\/v2\/users\/1"}],"replies":[{"embeddable":true,"href":"https:\/\/peking-ente-new.gastrologin.com\/index.php?rest_route=%2Fwp%2Fv2%2Fcomments&post=52"}],"version-history":[{"count":2,"href":"https:\/\/peking-ente-new.gastrologin.com\/index.php?rest_route=\/wp\/v2\/pages\/52\/revisions"}],"predecessor-version":[{"id":1116,"href":"https:\/\/peking-ente-new.gastrologin.com\/index.php?rest_route=\/wp\/v2\/pages\/52\/revisions\/1116"}],"wp:attachment":[{"href":"https:\/\/peking-ente-new.gastrologin.com\/index.php?rest_route=%2Fwp%2Fv2%2Fmedia&parent=52"}],"curies":[{"name":"wp","href":"https:\/\/api.w.org\/{rel}","templated":true}]}}