{"id":34,"date":"2023-05-16T09:24:09","date_gmt":"2023-05-16T09:24:09","guid":{"rendered":"https:\/\/peking-ente.com\/?page_id=34"},"modified":"2026-04-23T09:28:02","modified_gmt":"2026-04-23T07:28:02","slug":"faq-peking-ente-zustellung","status":"publish","type":"page","link":"https:\/\/peking-ente-new.gastrologin.com\/?page_id=34","title":{"rendered":"FAQ Peking Ente &#8211; Zustellung"},"content":{"rendered":"<!-- wp:themify-builder\/canvas \/-->","protected":false},"excerpt":{"rendered":"","protected":false},"author":1,"featured_media":0,"parent":0,"menu_order":0,"comment_status":"closed","ping_status":"closed","template":"","meta":{"footnotes":""},"class_list":["post-34","page","type-page","status-publish","hentry","has-post-title","has-post-date","has-post-category","has-post-tag","has-post-comment","has-post-author",""],"builder_content":"<h3>FAQ Peking Ente - Zustellung<\/h3><ul><li><h4>Wann ist der beste Zeitpunkt, um meine Kochbox zu bestellen?<\/h4><p>Um sicherzustellen, dass wir Ihre Kochbox rechtzeitig vorbereiten k\u00f6nnen, empfehlen wir Ihnen, Ihre Bestellung idealerweise eine Woche im Voraus aufzugeben. In der Regel packen wir die Kochboxen mittwochs, damit sie am Donnerstag von unserem Versandpartner abgeholt werden k\u00f6nnen. So ist gew\u00e4hrleistet, dass die Kochboxen am Freitag bei Ihnen eintreffen. Allerdings akzeptieren wir auch Last-Minute-Bestellungen bis mittwochs.<\/p><\/li><li><h4>Wie lange dauert der Versand der Kochbox?<\/h4><p>Unser Versanddienstleister strebt an, Ihre Kochbox bis sp\u00e4testens Freitag um 18:00 Uhr bei Ihnen anzuliefern. Es ist jedoch wichtig zu beachten, dass wir keine direkte Kontrolle \u00fcber den Versandprozess haben und es unter Umst\u00e4nden zu unvorhergesehenen Verz\u00f6gerungen kommen kann. Wir bitten um Verst\u00e4ndnis, falls es zu unvorhergesehenen Umst\u00e4nden kommt, auf die wir keinen Einfluss haben.<\/p><\/li><li><h4>Was sind die Lieferzeiten f\u00fcr die Kochbox?<\/h4><p>Unser Versanddienstleister liefert die Kochboxen voraussichtlich zwischen 12:00 Uhr und 18:00 Uhr aus. Um den Lieferstatus Ihrer Kochbox zu verfolgen, erhalten Sie einen Tracking-Code, mit dem Sie den Fortschritt Ihrer Lieferung verfolgen k\u00f6nnen. Bitte beachten Sie, dass es je nach Standort und aktuellen Umst\u00e4nden zu leichten Abweichungen in den Lieferzeiten kommen kann.<\/p><\/li><li><h4>Welche Versandkosten fallen an?<\/h4><p>Der Versand innerhalb Deutschlands (au\u00dfer Inseln) ist kostenfrei. Sie m\u00fcssen keine zus\u00e4tzlichen Versandkosten f\u00fcr Ihre Bestellung bezahlen.<\/p><\/li><li><h4>In welche Regionen liefert ihr? Werden auch internationale Lieferungen angeboten?<\/h4><p>Derzeit bieten wir nur Lieferungen innerhalb Deutschlands an. Wir haben derzeit keine internationalen Lieferoptionen verf\u00fcgbar.<\/p><\/li><li><h4>Mit welchem Versanddienstleister wird meine Bestellung verschickt?<\/h4><p>Wir versenden Ihre Bestellung in Zusammenarbeit mit dem deutschen Paketdienst DPD.<\/p><\/li><li><h4>Kann ich den Lieferstatus meiner Bestellung verfolgen?<\/h4><p>Ja, Sie erhalten von uns eine Tracking-Nummer, mit der Sie den Lieferstatus Ihrer Bestellung beim deutschen Paketdienst verfolgen k\u00f6nnen.<\/p><\/li><li><h4>Kann ich meine Bestellung pers\u00f6nlich abholen?<\/h4><p><\/p> <p>Ja, eine pers\u00f6nliche Abholung Ihrer Bestellung in unserem Restaurant ist m\u00f6glich. Bitte kontaktieren Sie uns hier und geben Sie an, dass Sie Ihre Bestellung gerne pers\u00f6nlich abholen m\u00f6chten.<\/p> <p><\/p> <p><a href=\"https:\/\/wa.me\/496917078752?text=Meine%20Bestellnummer%20ist:%20___.%20Ich%20m%C3%B6chte%20meine%20Kochbox%20bei%20Ihnen%20abholen.%20Ich%20komme%20etwa%20um%20__:%20__%20Uhr.\">WhatsApp - Selbstaholung<\/a><\/p> <p><\/p><\/li><\/ul>\n<a href=\"https:\/\/wa.me\/496917078752?text=Meine%20Bestellnummer%20ist:%20___.%20Ich%20m%C3%B6chte%20meine%20Kochbox%20bei%20Ihnen%20abholen.%20Ich%20komme%20etwa%20um%20__:%20__%20Uhr.\" > <em><svg aria-hidden=\"true\"><use href=\"#tf-fab-whatsapp\"><\/use><\/svg><\/em> Nachricht per WhatsApp <\/a>","_links":{"self":[{"href":"https:\/\/peking-ente-new.gastrologin.com\/index.php?rest_route=\/wp\/v2\/pages\/34","targetHints":{"allow":["GET"]}}],"collection":[{"href":"https:\/\/peking-ente-new.gastrologin.com\/index.php?rest_route=\/wp\/v2\/pages"}],"about":[{"href":"https:\/\/peking-ente-new.gastrologin.com\/index.php?rest_route=\/wp\/v2\/types\/page"}],"author":[{"embeddable":true,"href":"https:\/\/peking-ente-new.gastrologin.com\/index.php?rest_route=\/wp\/v2\/users\/1"}],"replies":[{"embeddable":true,"href":"https:\/\/peking-ente-new.gastrologin.com\/index.php?rest_route=%2Fwp%2Fv2%2Fcomments&post=34"}],"version-history":[{"count":2,"href":"https:\/\/peking-ente-new.gastrologin.com\/index.php?rest_route=\/wp\/v2\/pages\/34\/revisions"}],"predecessor-version":[{"id":1107,"href":"https:\/\/peking-ente-new.gastrologin.com\/index.php?rest_route=\/wp\/v2\/pages\/34\/revisions\/1107"}],"wp:attachment":[{"href":"https:\/\/peking-ente-new.gastrologin.com\/index.php?rest_route=%2Fwp%2Fv2%2Fmedia&parent=34"}],"curies":[{"name":"wp","href":"https:\/\/api.w.org\/{rel}","templated":true}]}}